{"id":129,"date":"2025-03-30T19:03:03","date_gmt":"2025-03-30T19:03:03","guid":{"rendered":"https:\/\/handtherapiemaeder.ch\/?page_id=129"},"modified":"2025-03-30T19:05:47","modified_gmt":"2025-03-30T19:05:47","slug":"offene-stelle","status":"publish","type":"page","link":"https:\/\/handtherapiemaeder.ch\/?page_id=129","title":{"rendered":"Offene Stelle"},"content":{"rendered":"\n<h2 class=\"wp-block-heading\"><br><strong>Ergotherapeut\/in, <\/strong><br><strong>50-100%<\/strong><\/h2>\n\n\n\n<p><strong>Unsere Therapiepraxis ist im Dorfkern von 5702 Niederlenz.<\/strong><\/p>\n\n\n\n<p><strong>Wir sind spezialisiert auf Hand-Ergotherapie suchen nach Vereinbarung eine teamorientierte Pers\u00f6nlichkeit.<\/strong><\/p>\n\n\n\n<h3 class=\"wp-block-heading\"><strong>Aufgaben<\/strong><\/h3>\n\n\n\n<ul class=\"wp-block-list\">\n<li><strong>Du behandelst Patienten\/innen mit Unfallfolgen oder Erkrankungen an der Hand.<\/strong><\/li>\n\n\n\n<li><strong>Du fertigst Schienen nach Handverletzungen und Handoperationen an.<\/strong><\/li>\n\n\n\n<li><strong>Du pflegst den Austausch mit den zuweisenden \u00c4rztinnen und \u00c4rzten.<\/strong><\/li>\n\n\n\n<li><strong>Du nimmst an internen und externen Fort- und Weiterbildungen teil.<\/strong><\/li>\n<\/ul>\n\n\n\n<h3 class=\"wp-block-heading\"><strong>Profil<\/strong><\/h3>\n\n\n\n<ul class=\"wp-block-list\">\n<li><strong>Abschluss als diplomierte\/r Ergotherapeut\/in<\/strong><\/li>\n\n\n\n<li><strong>Berufserfahrung in der Handtherapie inkl. Schienenbau von Vorteil<\/strong><\/li>\n\n\n\n<li><strong>Teamf\u00e4hig, flexibel, zuverl\u00e4ssig und offen f\u00fcr Neues<\/strong><\/li>\n\n\n\n<li><strong>Selbst\u00e4ndige und qualit\u00e4tsbewusste Arbeitsweise<\/strong><\/li>\n<\/ul>\n\n\n\n<p><strong>Wir bieten dir viel Freiraum in einem kleinen Team. Das Miteinander ist unkompliziert und entspannt. Respekt und Wertsch\u00e4tzung pr\u00e4gen den Umgang im Team und mit den Patienten.<\/strong><\/p>\n\n\n\n<p><strong>Interessiert?<br><br><\/strong><strong>Sende dein Bewerbungsdossier per eMail an: <a href=\"mailto:info@handtherapiemaeder.ch\">info@handtherapiemaeder.ch<\/a><br><\/strong><strong>Telefonische Auskunft durch Safa M\u00e4der, Mobil 077 428 53 38<\/strong><\/p>\n","protected":false},"excerpt":{"rendered":"<p>Ergotherapeut\/in, 50-100% Unsere Therapiepraxis ist im Dorfkern von 5702 Niederlenz. Wir sind spezialisiert auf Hand-Ergotherapie suchen nach Vereinbarung eine teamorientierte Pers\u00f6nlichkeit. Aufgaben Profil Wir bieten dir viel Freiraum in einem kleinen Team. Das Miteinander ist unkompliziert und entspannt. Respekt und Wertsch\u00e4tzung pr\u00e4gen den Umgang im Team und mit den Patienten. Interessiert? Sende dein Bewerbungsdossier per [&hellip;]<\/p>\n","protected":false},"author":1,"featured_media":0,"parent":7,"menu_order":0,"comment_status":"closed","ping_status":"closed","template":"","meta":{"footnotes":""},"class_list":["post-129","page","type-page","status-publish","hentry"],"yoast_head":"<!-- This site is optimized with the Yoast SEO plugin v27.4 - https:\/\/yoast.com\/product\/yoast-seo-wordpress\/ -->\n<title>Offene Stelle - Handtherapie M\u00e4der<\/title>\n<meta name=\"robots\" content=\"index, follow, max-snippet:-1, max-image-preview:large, max-video-preview:-1\" \/>\n<link rel=\"canonical\" href=\"https:\/\/handtherapiemaeder.ch\/?page_id=129\" \/>\n<meta property=\"og:locale\" content=\"de_DE\" \/>\n<meta property=\"og:type\" content=\"article\" \/>\n<meta property=\"og:title\" content=\"Offene Stelle - Handtherapie M\u00e4der\" \/>\n<meta property=\"og:description\" content=\"Ergotherapeut\/in, 50-100% Unsere Therapiepraxis ist im Dorfkern von 5702 Niederlenz. Wir sind spezialisiert auf Hand-Ergotherapie suchen nach Vereinbarung eine teamorientierte Pers\u00f6nlichkeit. Aufgaben Profil Wir bieten dir viel Freiraum in einem kleinen Team. Das Miteinander ist unkompliziert und entspannt. Respekt und Wertsch\u00e4tzung pr\u00e4gen den Umgang im Team und mit den Patienten. Interessiert? Sende dein Bewerbungsdossier per [&hellip;]\" \/>\n<meta property=\"og:url\" content=\"https:\/\/handtherapiemaeder.ch\/?page_id=129\" \/>\n<meta property=\"og:site_name\" content=\"Handtherapie M\u00e4der\" \/>\n<meta property=\"article:modified_time\" content=\"2025-03-30T19:05:47+00:00\" \/>\n<meta name=\"twitter:card\" content=\"summary_large_image\" \/>\n<meta name=\"twitter:label1\" content=\"Gesch\u00e4tzte Lesezeit\" \/>\n\t<meta name=\"twitter:data1\" content=\"1\u00a0Minute\" \/>\n<script type=\"application\/ld+json\" class=\"yoast-schema-graph\">{\"@context\":\"https:\\\/\\\/schema.org\",\"@graph\":[{\"@type\":\"WebPage\",\"@id\":\"https:\\\/\\\/handtherapiemaeder.ch\\\/?page_id=129\",\"url\":\"https:\\\/\\\/handtherapiemaeder.ch\\\/?page_id=129\",\"name\":\"Offene Stelle - Handtherapie M\u00e4der\",\"isPartOf\":{\"@id\":\"https:\\\/\\\/handtherapiemaeder.ch\\\/#website\"},\"datePublished\":\"2025-03-30T19:03:03+00:00\",\"dateModified\":\"2025-03-30T19:05:47+00:00\",\"breadcrumb\":{\"@id\":\"https:\\\/\\\/handtherapiemaeder.ch\\\/?page_id=129#breadcrumb\"},\"inLanguage\":\"de\",\"potentialAction\":[{\"@type\":\"ReadAction\",\"target\":[\"https:\\\/\\\/handtherapiemaeder.ch\\\/?page_id=129\"]}]},{\"@type\":\"BreadcrumbList\",\"@id\":\"https:\\\/\\\/handtherapiemaeder.ch\\\/?page_id=129#breadcrumb\",\"itemListElement\":[{\"@type\":\"ListItem\",\"position\":1,\"name\":\"Startseite\",\"item\":\"https:\\\/\\\/handtherapiemaeder.ch\\\/\"},{\"@type\":\"ListItem\",\"position\":2,\"name\":\"Handtherapie M\u00e4der\",\"item\":\"https:\\\/\\\/handtherapiemaeder.ch\\\/?page_id=7\"},{\"@type\":\"ListItem\",\"position\":3,\"name\":\"Offene Stelle\"}]},{\"@type\":\"WebSite\",\"@id\":\"https:\\\/\\\/handtherapiemaeder.ch\\\/#website\",\"url\":\"https:\\\/\\\/handtherapiemaeder.ch\\\/\",\"name\":\"Handtherapie M\u00e4der\",\"description\":\"My WordPress Blog\",\"potentialAction\":[{\"@type\":\"SearchAction\",\"target\":{\"@type\":\"EntryPoint\",\"urlTemplate\":\"https:\\\/\\\/handtherapiemaeder.ch\\\/?s={search_term_string}\"},\"query-input\":{\"@type\":\"PropertyValueSpecification\",\"valueRequired\":true,\"valueName\":\"search_term_string\"}}],\"inLanguage\":\"de\"}]}<\/script>\n<!-- \/ Yoast SEO plugin. -->","yoast_head_json":{"title":"Offene Stelle - Handtherapie M\u00e4der","robots":{"index":"index","follow":"follow","max-snippet":"max-snippet:-1","max-image-preview":"max-image-preview:large","max-video-preview":"max-video-preview:-1"},"canonical":"https:\/\/handtherapiemaeder.ch\/?page_id=129","og_locale":"de_DE","og_type":"article","og_title":"Offene Stelle - Handtherapie M\u00e4der","og_description":"Ergotherapeut\/in, 50-100% Unsere Therapiepraxis ist im Dorfkern von 5702 Niederlenz. Wir sind spezialisiert auf Hand-Ergotherapie suchen nach Vereinbarung eine teamorientierte Pers\u00f6nlichkeit. Aufgaben Profil Wir bieten dir viel Freiraum in einem kleinen Team. Das Miteinander ist unkompliziert und entspannt. Respekt und Wertsch\u00e4tzung pr\u00e4gen den Umgang im Team und mit den Patienten. Interessiert? Sende dein Bewerbungsdossier per [&hellip;]","og_url":"https:\/\/handtherapiemaeder.ch\/?page_id=129","og_site_name":"Handtherapie M\u00e4der","article_modified_time":"2025-03-30T19:05:47+00:00","twitter_card":"summary_large_image","twitter_misc":{"Gesch\u00e4tzte Lesezeit":"1\u00a0Minute"},"schema":{"@context":"https:\/\/schema.org","@graph":[{"@type":"WebPage","@id":"https:\/\/handtherapiemaeder.ch\/?page_id=129","url":"https:\/\/handtherapiemaeder.ch\/?page_id=129","name":"Offene Stelle - Handtherapie M\u00e4der","isPartOf":{"@id":"https:\/\/handtherapiemaeder.ch\/#website"},"datePublished":"2025-03-30T19:03:03+00:00","dateModified":"2025-03-30T19:05:47+00:00","breadcrumb":{"@id":"https:\/\/handtherapiemaeder.ch\/?page_id=129#breadcrumb"},"inLanguage":"de","potentialAction":[{"@type":"ReadAction","target":["https:\/\/handtherapiemaeder.ch\/?page_id=129"]}]},{"@type":"BreadcrumbList","@id":"https:\/\/handtherapiemaeder.ch\/?page_id=129#breadcrumb","itemListElement":[{"@type":"ListItem","position":1,"name":"Startseite","item":"https:\/\/handtherapiemaeder.ch\/"},{"@type":"ListItem","position":2,"name":"Handtherapie M\u00e4der","item":"https:\/\/handtherapiemaeder.ch\/?page_id=7"},{"@type":"ListItem","position":3,"name":"Offene Stelle"}]},{"@type":"WebSite","@id":"https:\/\/handtherapiemaeder.ch\/#website","url":"https:\/\/handtherapiemaeder.ch\/","name":"Handtherapie M\u00e4der","description":"My WordPress Blog","potentialAction":[{"@type":"SearchAction","target":{"@type":"EntryPoint","urlTemplate":"https:\/\/handtherapiemaeder.ch\/?s={search_term_string}"},"query-input":{"@type":"PropertyValueSpecification","valueRequired":true,"valueName":"search_term_string"}}],"inLanguage":"de"}]}},"_links":{"self":[{"href":"https:\/\/handtherapiemaeder.ch\/index.php?rest_route=\/wp\/v2\/pages\/129","targetHints":{"allow":["GET"]}}],"collection":[{"href":"https:\/\/handtherapiemaeder.ch\/index.php?rest_route=\/wp\/v2\/pages"}],"about":[{"href":"https:\/\/handtherapiemaeder.ch\/index.php?rest_route=\/wp\/v2\/types\/page"}],"author":[{"embeddable":true,"href":"https:\/\/handtherapiemaeder.ch\/index.php?rest_route=\/wp\/v2\/users\/1"}],"replies":[{"embeddable":true,"href":"https:\/\/handtherapiemaeder.ch\/index.php?rest_route=%2Fwp%2Fv2%2Fcomments&post=129"}],"version-history":[{"count":4,"href":"https:\/\/handtherapiemaeder.ch\/index.php?rest_route=\/wp\/v2\/pages\/129\/revisions"}],"predecessor-version":[{"id":133,"href":"https:\/\/handtherapiemaeder.ch\/index.php?rest_route=\/wp\/v2\/pages\/129\/revisions\/133"}],"up":[{"embeddable":true,"href":"https:\/\/handtherapiemaeder.ch\/index.php?rest_route=\/wp\/v2\/pages\/7"}],"wp:attachment":[{"href":"https:\/\/handtherapiemaeder.ch\/index.php?rest_route=%2Fwp%2Fv2%2Fmedia&parent=129"}],"curies":[{"name":"wp","href":"https:\/\/api.w.org\/{rel}","templated":true}]}}