{"id":7,"date":"2022-12-03T17:22:14","date_gmt":"2022-12-03T17:22:14","guid":{"rendered":"https:\/\/handtherapiemaeder.ch\/?page_id=7"},"modified":"2024-11-06T20:52:10","modified_gmt":"2024-11-06T20:52:10","slug":"handtherapie-maeder","status":"publish","type":"page","link":"https:\/\/handtherapiemaeder.ch\/?page_id=7","title":{"rendered":"Handtherapie M\u00e4der"},"content":{"rendered":"\n<h2 class=\"wp-block-heading\">Ergotherapie in Niederlenz<\/h2>\n\n\n\n<p><\/p>\n\n\n\n<figure class=\"wp-block-image size-full\"><img loading=\"lazy\" decoding=\"async\" width=\"645\" height=\"418\" src=\"https:\/\/handtherapiemaeder.ch\/wp-content\/uploads\/2022\/12\/VK-HtM-front.png\" alt=\"\" class=\"wp-image-14\" srcset=\"https:\/\/handtherapiemaeder.ch\/wp-content\/uploads\/2022\/12\/VK-HtM-front.png 645w, https:\/\/handtherapiemaeder.ch\/wp-content\/uploads\/2022\/12\/VK-HtM-front-300x194.png 300w\" sizes=\"auto, (max-width: 645px) 100vw, 645px\" \/><\/figure>\n","protected":false},"excerpt":{"rendered":"<p>Ergotherapie in Niederlenz<\/p>\n","protected":false},"author":1,"featured_media":0,"parent":0,"menu_order":0,"comment_status":"closed","ping_status":"closed","template":"","meta":{"footnotes":""},"class_list":["post-7","page","type-page","status-publish","hentry"],"yoast_head":"<!-- This site is optimized with the Yoast SEO plugin v27.4 - https:\/\/yoast.com\/product\/yoast-seo-wordpress\/ -->\n<title>Handtherapie M\u00e4der - Handtherapie M\u00e4der<\/title>\n<meta name=\"description\" content=\"Handtherapie M\u00e4der ist die Ergotherapiepraxis in Niederlenz und Region Lenzburg im Kanton Aargau. Schmerztherapie, Handrehabilitation und Rheumatologie. Erfahrene Ergotherapeuting. Ergotherapie, Therapiepraxis, Ergo. Sprachen: Deutsch, Englisch, Arabisch, Hebr\u00e4isch\" \/>\n<meta name=\"robots\" content=\"index, follow, max-snippet:-1, max-image-preview:large, max-video-preview:-1\" \/>\n<link rel=\"canonical\" href=\"https:\/\/handtherapiemaeder.ch\/?page_id=7\" \/>\n<meta property=\"og:locale\" content=\"de_DE\" \/>\n<meta property=\"og:type\" content=\"article\" \/>\n<meta property=\"og:title\" content=\"Handtherapie M\u00e4der - Handtherapie M\u00e4der\" \/>\n<meta property=\"og:description\" content=\"Handtherapie M\u00e4der ist die Ergotherapiepraxis in Niederlenz und Region Lenzburg im Kanton Aargau. Schmerztherapie, Handrehabilitation und Rheumatologie. Erfahrene Ergotherapeuting. Ergotherapie, Therapiepraxis, Ergo. Sprachen: Deutsch, Englisch, Arabisch, Hebr\u00e4isch\" \/>\n<meta property=\"og:url\" content=\"https:\/\/handtherapiemaeder.ch\/?page_id=7\" \/>\n<meta property=\"og:site_name\" content=\"Handtherapie M\u00e4der\" \/>\n<meta property=\"article:modified_time\" content=\"2024-11-06T20:52:10+00:00\" \/>\n<meta property=\"og:image\" content=\"http:\/\/handtherapiemaeder.ch\/wp-content\/uploads\/2022\/12\/VK-HtM-front.png\" \/>\n<meta name=\"twitter:card\" content=\"summary_large_image\" \/>\n<meta name=\"twitter:label1\" content=\"Gesch\u00e4tzte Lesezeit\" \/>\n\t<meta name=\"twitter:data1\" content=\"1\u00a0Minute\" \/>\n<script type=\"application\/ld+json\" class=\"yoast-schema-graph\">{\"@context\":\"https:\\\/\\\/schema.org\",\"@graph\":[{\"@type\":\"WebPage\",\"@id\":\"https:\\\/\\\/handtherapiemaeder.ch\\\/?page_id=7\",\"url\":\"https:\\\/\\\/handtherapiemaeder.ch\\\/?page_id=7\",\"name\":\"Handtherapie M\u00e4der - Handtherapie M\u00e4der\",\"isPartOf\":{\"@id\":\"https:\\\/\\\/handtherapiemaeder.ch\\\/#website\"},\"primaryImageOfPage\":{\"@id\":\"https:\\\/\\\/handtherapiemaeder.ch\\\/?page_id=7#primaryimage\"},\"image\":{\"@id\":\"https:\\\/\\\/handtherapiemaeder.ch\\\/?page_id=7#primaryimage\"},\"thumbnailUrl\":\"http:\\\/\\\/handtherapiemaeder.ch\\\/wp-content\\\/uploads\\\/2022\\\/12\\\/VK-HtM-front.png\",\"datePublished\":\"2022-12-03T17:22:14+00:00\",\"dateModified\":\"2024-11-06T20:52:10+00:00\",\"description\":\"Handtherapie M\u00e4der ist die Ergotherapiepraxis in Niederlenz und Region Lenzburg im Kanton Aargau. Schmerztherapie, Handrehabilitation und Rheumatologie. Erfahrene Ergotherapeuting. Ergotherapie, Therapiepraxis, Ergo. Sprachen: Deutsch, Englisch, Arabisch, Hebr\u00e4isch\",\"breadcrumb\":{\"@id\":\"https:\\\/\\\/handtherapiemaeder.ch\\\/?page_id=7#breadcrumb\"},\"inLanguage\":\"de\",\"potentialAction\":[{\"@type\":\"ReadAction\",\"target\":[\"https:\\\/\\\/handtherapiemaeder.ch\\\/?page_id=7\"]}]},{\"@type\":\"ImageObject\",\"inLanguage\":\"de\",\"@id\":\"https:\\\/\\\/handtherapiemaeder.ch\\\/?page_id=7#primaryimage\",\"url\":\"http:\\\/\\\/handtherapiemaeder.ch\\\/wp-content\\\/uploads\\\/2022\\\/12\\\/VK-HtM-front.png\",\"contentUrl\":\"http:\\\/\\\/handtherapiemaeder.ch\\\/wp-content\\\/uploads\\\/2022\\\/12\\\/VK-HtM-front.png\"},{\"@type\":\"BreadcrumbList\",\"@id\":\"https:\\\/\\\/handtherapiemaeder.ch\\\/?page_id=7#breadcrumb\",\"itemListElement\":[{\"@type\":\"ListItem\",\"position\":1,\"name\":\"Startseite\",\"item\":\"https:\\\/\\\/handtherapiemaeder.ch\\\/\"},{\"@type\":\"ListItem\",\"position\":2,\"name\":\"Handtherapie M\u00e4der\"}]},{\"@type\":\"WebSite\",\"@id\":\"https:\\\/\\\/handtherapiemaeder.ch\\\/#website\",\"url\":\"https:\\\/\\\/handtherapiemaeder.ch\\\/\",\"name\":\"Handtherapie M\u00e4der\",\"description\":\"My WordPress Blog\",\"potentialAction\":[{\"@type\":\"SearchAction\",\"target\":{\"@type\":\"EntryPoint\",\"urlTemplate\":\"https:\\\/\\\/handtherapiemaeder.ch\\\/?s={search_term_string}\"},\"query-input\":{\"@type\":\"PropertyValueSpecification\",\"valueRequired\":true,\"valueName\":\"search_term_string\"}}],\"inLanguage\":\"de\"}]}<\/script>\n<!-- \/ Yoast SEO plugin. -->","yoast_head_json":{"title":"Handtherapie M\u00e4der - Handtherapie M\u00e4der","description":"Handtherapie M\u00e4der ist die Ergotherapiepraxis in Niederlenz und Region Lenzburg im Kanton Aargau. Schmerztherapie, Handrehabilitation und Rheumatologie. Erfahrene Ergotherapeuting. Ergotherapie, Therapiepraxis, Ergo. Sprachen: Deutsch, Englisch, Arabisch, Hebr\u00e4isch","robots":{"index":"index","follow":"follow","max-snippet":"max-snippet:-1","max-image-preview":"max-image-preview:large","max-video-preview":"max-video-preview:-1"},"canonical":"https:\/\/handtherapiemaeder.ch\/?page_id=7","og_locale":"de_DE","og_type":"article","og_title":"Handtherapie M\u00e4der - Handtherapie M\u00e4der","og_description":"Handtherapie M\u00e4der ist die Ergotherapiepraxis in Niederlenz und Region Lenzburg im Kanton Aargau. Schmerztherapie, Handrehabilitation und Rheumatologie. Erfahrene Ergotherapeuting. Ergotherapie, Therapiepraxis, Ergo. Sprachen: Deutsch, Englisch, Arabisch, Hebr\u00e4isch","og_url":"https:\/\/handtherapiemaeder.ch\/?page_id=7","og_site_name":"Handtherapie M\u00e4der","article_modified_time":"2024-11-06T20:52:10+00:00","og_image":[{"url":"http:\/\/handtherapiemaeder.ch\/wp-content\/uploads\/2022\/12\/VK-HtM-front.png","type":"","width":"","height":""}],"twitter_card":"summary_large_image","twitter_misc":{"Gesch\u00e4tzte Lesezeit":"1\u00a0Minute"},"schema":{"@context":"https:\/\/schema.org","@graph":[{"@type":"WebPage","@id":"https:\/\/handtherapiemaeder.ch\/?page_id=7","url":"https:\/\/handtherapiemaeder.ch\/?page_id=7","name":"Handtherapie M\u00e4der - Handtherapie M\u00e4der","isPartOf":{"@id":"https:\/\/handtherapiemaeder.ch\/#website"},"primaryImageOfPage":{"@id":"https:\/\/handtherapiemaeder.ch\/?page_id=7#primaryimage"},"image":{"@id":"https:\/\/handtherapiemaeder.ch\/?page_id=7#primaryimage"},"thumbnailUrl":"http:\/\/handtherapiemaeder.ch\/wp-content\/uploads\/2022\/12\/VK-HtM-front.png","datePublished":"2022-12-03T17:22:14+00:00","dateModified":"2024-11-06T20:52:10+00:00","description":"Handtherapie M\u00e4der ist die Ergotherapiepraxis in Niederlenz und Region Lenzburg im Kanton Aargau. Schmerztherapie, Handrehabilitation und Rheumatologie. Erfahrene Ergotherapeuting. Ergotherapie, Therapiepraxis, Ergo. Sprachen: Deutsch, Englisch, Arabisch, Hebr\u00e4isch","breadcrumb":{"@id":"https:\/\/handtherapiemaeder.ch\/?page_id=7#breadcrumb"},"inLanguage":"de","potentialAction":[{"@type":"ReadAction","target":["https:\/\/handtherapiemaeder.ch\/?page_id=7"]}]},{"@type":"ImageObject","inLanguage":"de","@id":"https:\/\/handtherapiemaeder.ch\/?page_id=7#primaryimage","url":"http:\/\/handtherapiemaeder.ch\/wp-content\/uploads\/2022\/12\/VK-HtM-front.png","contentUrl":"http:\/\/handtherapiemaeder.ch\/wp-content\/uploads\/2022\/12\/VK-HtM-front.png"},{"@type":"BreadcrumbList","@id":"https:\/\/handtherapiemaeder.ch\/?page_id=7#breadcrumb","itemListElement":[{"@type":"ListItem","position":1,"name":"Startseite","item":"https:\/\/handtherapiemaeder.ch\/"},{"@type":"ListItem","position":2,"name":"Handtherapie M\u00e4der"}]},{"@type":"WebSite","@id":"https:\/\/handtherapiemaeder.ch\/#website","url":"https:\/\/handtherapiemaeder.ch\/","name":"Handtherapie M\u00e4der","description":"My WordPress Blog","potentialAction":[{"@type":"SearchAction","target":{"@type":"EntryPoint","urlTemplate":"https:\/\/handtherapiemaeder.ch\/?s={search_term_string}"},"query-input":{"@type":"PropertyValueSpecification","valueRequired":true,"valueName":"search_term_string"}}],"inLanguage":"de"}]}},"_links":{"self":[{"href":"https:\/\/handtherapiemaeder.ch\/index.php?rest_route=\/wp\/v2\/pages\/7","targetHints":{"allow":["GET"]}}],"collection":[{"href":"https:\/\/handtherapiemaeder.ch\/index.php?rest_route=\/wp\/v2\/pages"}],"about":[{"href":"https:\/\/handtherapiemaeder.ch\/index.php?rest_route=\/wp\/v2\/types\/page"}],"author":[{"embeddable":true,"href":"https:\/\/handtherapiemaeder.ch\/index.php?rest_route=\/wp\/v2\/users\/1"}],"replies":[{"embeddable":true,"href":"https:\/\/handtherapiemaeder.ch\/index.php?rest_route=%2Fwp%2Fv2%2Fcomments&post=7"}],"version-history":[{"count":7,"href":"https:\/\/handtherapiemaeder.ch\/index.php?rest_route=\/wp\/v2\/pages\/7\/revisions"}],"predecessor-version":[{"id":103,"href":"https:\/\/handtherapiemaeder.ch\/index.php?rest_route=\/wp\/v2\/pages\/7\/revisions\/103"}],"wp:attachment":[{"href":"https:\/\/handtherapiemaeder.ch\/index.php?rest_route=%2Fwp%2Fv2%2Fmedia&parent=7"}],"curies":[{"name":"wp","href":"https:\/\/api.w.org\/{rel}","templated":true}]}}